{"id":60,"date":"2025-01-13T21:14:38","date_gmt":"2025-01-13T20:14:38","guid":{"rendered":"https:\/\/allisom.cluster029.hosting.ovh.net\/?page_id=60"},"modified":"2025-04-14T01:01:37","modified_gmt":"2025-04-13T23:01:37","slug":"mariage","status":"publish","type":"page","link":"https:\/\/allison-photographie.fr\/index.php\/mariage\/","title":{"rendered":"Mariage"},"content":{"rendered":"\n<p class=\"has-text-align-right has-medium-font-size\"><\/p>\n\n\n\n<div style=\"height:45px\" aria-hidden=\"true\" class=\"wp-block-spacer\"><\/div>\n\n\n\n<div class=\"wp-block-media-text is-stacked-on-mobile\"><figure class=\"wp-block-media-text__media\"><img loading=\"lazy\" decoding=\"async\" width=\"1024\" height=\"683\" src=\"https:\/\/allisom.cluster029.hosting.ovh.net\/wp-content\/uploads\/2025\/01\/mariage-flavie-sebFfh-4755-1024x683.jpg\" alt=\"\" class=\"wp-image-68 size-full\" srcset=\"https:\/\/allison-photographie.fr\/wp-content\/uploads\/2025\/01\/mariage-flavie-sebFfh-4755-1024x683.jpg 1024w, https:\/\/allison-photographie.fr\/wp-content\/uploads\/2025\/01\/mariage-flavie-sebFfh-4755-300x200.jpg 300w, https:\/\/allison-photographie.fr\/wp-content\/uploads\/2025\/01\/mariage-flavie-sebFfh-4755-768x512.jpg 768w, https:\/\/allison-photographie.fr\/wp-content\/uploads\/2025\/01\/mariage-flavie-sebFfh-4755-1536x1024.jpg 1536w, https:\/\/allison-photographie.fr\/wp-content\/uploads\/2025\/01\/mariage-flavie-sebFfh-4755-2048x1365.jpg 2048w, https:\/\/allison-photographie.fr\/wp-content\/uploads\/2025\/01\/mariage-flavie-sebFfh-4755-370x247.jpg 370w, https:\/\/allison-photographie.fr\/wp-content\/uploads\/2025\/01\/mariage-flavie-sebFfh-4755-776x517.jpg 776w\" sizes=\"auto, (max-width: 1024px) 100vw, 1024px\" \/><\/figure><div class=\"wp-block-media-text__content\">\n<p><strong><em>Nous sommes un duo de photographes et notre force r\u00e9side dans notre compl\u00e9mentarit\u00e9: deux regards, une harmonie. <\/em><\/strong><\/p>\n\n\n\n<p><strong><em>Notre collaboration en bin\u00f4me lors des c\u00e9r\u00e9monies de mariage nous permet de saisir chaque \u00e9motion, chaque d\u00e9tail sous des angles diff\u00e9rents, vous garantissant un reportage photographique complet et authentique.<\/em><\/strong><\/p>\n<\/div><\/div>\n\n\n\n<div style=\"height:33px\" aria-hidden=\"true\" class=\"wp-block-spacer\"><\/div>\n\n\n\n<div class=\"wp-block-media-text has-media-on-the-right is-stacked-on-mobile\"><div class=\"wp-block-media-text__content\">\n<p><strong><em>Passionn\u00e9s, nous saisissons ces moments spontan\u00e9es, ces sourires discrets et ces regards tendres pour des photographies naturelles qui vous ressemblent et respirent l&rsquo;amour.<\/em><\/strong><\/p>\n<\/div><figure class=\"wp-block-media-text__media\"><img loading=\"lazy\" decoding=\"async\" width=\"1024\" height=\"683\" src=\"https:\/\/allisom.cluster029.hosting.ovh.net\/wp-content\/uploads\/2025\/01\/mariage-flavie-sebFfh-4778-1024x683.jpg\" alt=\"\" class=\"wp-image-70 size-full\" srcset=\"https:\/\/allison-photographie.fr\/wp-content\/uploads\/2025\/01\/mariage-flavie-sebFfh-4778-1024x683.jpg 1024w, https:\/\/allison-photographie.fr\/wp-content\/uploads\/2025\/01\/mariage-flavie-sebFfh-4778-300x200.jpg 300w, https:\/\/allison-photographie.fr\/wp-content\/uploads\/2025\/01\/mariage-flavie-sebFfh-4778-768x512.jpg 768w, https:\/\/allison-photographie.fr\/wp-content\/uploads\/2025\/01\/mariage-flavie-sebFfh-4778-1536x1024.jpg 1536w, https:\/\/allison-photographie.fr\/wp-content\/uploads\/2025\/01\/mariage-flavie-sebFfh-4778-2048x1365.jpg 2048w, https:\/\/allison-photographie.fr\/wp-content\/uploads\/2025\/01\/mariage-flavie-sebFfh-4778-370x247.jpg 370w, https:\/\/allison-photographie.fr\/wp-content\/uploads\/2025\/01\/mariage-flavie-sebFfh-4778-776x517.jpg 776w\" sizes=\"auto, (max-width: 1024px) 100vw, 1024px\" \/><\/figure><\/div>\n\n\n\n<div style=\"height:33px\" aria-hidden=\"true\" class=\"wp-block-spacer\"><\/div>\n\n\n\n<div class=\"wp-block-media-text is-stacked-on-mobile\"><figure class=\"wp-block-media-text__media\"><img loading=\"lazy\" decoding=\"async\" width=\"1024\" height=\"683\" src=\"https:\/\/allisom.cluster029.hosting.ovh.net\/wp-content\/uploads\/2025\/01\/mariage-flavie-sebFfh-4692-1024x683.jpg\" alt=\"\" class=\"wp-image-69 size-full\" srcset=\"https:\/\/allison-photographie.fr\/wp-content\/uploads\/2025\/01\/mariage-flavie-sebFfh-4692-1024x683.jpg 1024w, https:\/\/allison-photographie.fr\/wp-content\/uploads\/2025\/01\/mariage-flavie-sebFfh-4692-300x200.jpg 300w, https:\/\/allison-photographie.fr\/wp-content\/uploads\/2025\/01\/mariage-flavie-sebFfh-4692-768x512.jpg 768w, https:\/\/allison-photographie.fr\/wp-content\/uploads\/2025\/01\/mariage-flavie-sebFfh-4692-1536x1024.jpg 1536w, https:\/\/allison-photographie.fr\/wp-content\/uploads\/2025\/01\/mariage-flavie-sebFfh-4692-2048x1365.jpg 2048w, https:\/\/allison-photographie.fr\/wp-content\/uploads\/2025\/01\/mariage-flavie-sebFfh-4692-370x247.jpg 370w, https:\/\/allison-photographie.fr\/wp-content\/uploads\/2025\/01\/mariage-flavie-sebFfh-4692-776x517.jpg 776w\" sizes=\"auto, (max-width: 1024px) 100vw, 1024px\" \/><\/figure><div class=\"wp-block-media-text__content\">\n<p><strong><em>Discrets, nous resterons dans l&rsquo;ombre pour vous mettre en lumi\u00e8re et contribuerons \u00e0 faire de votre mariage, un moment d&rsquo;exception.<\/em><\/strong><\/p>\n<\/div><\/div>\n\n\n\n<div style=\"height:33px\" aria-hidden=\"true\" class=\"wp-block-spacer\"><\/div>\n\n\n\n<div class=\"wp-block-media-text has-media-on-the-right is-stacked-on-mobile\"><div class=\"wp-block-media-text__content\">\n<p><em><strong>Nous saurons vous offrir des photographies post trait\u00e9es une \u00e0 une avec soin et d\u00e9licatesse pour en sublimer toute la beaut\u00e9 originale. <\/strong><\/em><\/p>\n<\/div><figure class=\"wp-block-media-text__media\"><img loading=\"lazy\" decoding=\"async\" width=\"1024\" height=\"683\" src=\"https:\/\/allison-photographie.fr\/wp-content\/uploads\/2025\/01\/allison-photographieallison-photographie-5-1-1024x683.jpg\" alt=\"\" class=\"wp-image-72 size-full\" srcset=\"https:\/\/allison-photographie.fr\/wp-content\/uploads\/2025\/01\/allison-photographieallison-photographie-5-1-1024x683.jpg 1024w, https:\/\/allison-photographie.fr\/wp-content\/uploads\/2025\/01\/allison-photographieallison-photographie-5-1-300x200.jpg 300w, https:\/\/allison-photographie.fr\/wp-content\/uploads\/2025\/01\/allison-photographieallison-photographie-5-1-768x512.jpg 768w, https:\/\/allison-photographie.fr\/wp-content\/uploads\/2025\/01\/allison-photographieallison-photographie-5-1-1536x1024.jpg 1536w, https:\/\/allison-photographie.fr\/wp-content\/uploads\/2025\/01\/allison-photographieallison-photographie-5-1-2048x1365.jpg 2048w, https:\/\/allison-photographie.fr\/wp-content\/uploads\/2025\/01\/allison-photographieallison-photographie-5-1-370x247.jpg 370w, https:\/\/allison-photographie.fr\/wp-content\/uploads\/2025\/01\/allison-photographieallison-photographie-5-1-776x517.jpg 776w\" sizes=\"auto, (max-width: 1024px) 100vw, 1024px\" \/><\/figure><\/div>\n\n\n\n<div style=\"height:33px\" aria-hidden=\"true\" class=\"wp-block-spacer\"><\/div>\n\n\n\n<div class=\"wp-block-media-text is-stacked-on-mobile\"><figure class=\"wp-block-media-text__media\"><img loading=\"lazy\" decoding=\"async\" width=\"1024\" height=\"683\" src=\"https:\/\/allison-photographie.fr\/wp-content\/uploads\/2025\/01\/mariage-flavie-sebDdsq-4902-1024x683.jpg\" alt=\"\" class=\"wp-image-71 size-full\" srcset=\"https:\/\/allison-photographie.fr\/wp-content\/uploads\/2025\/01\/mariage-flavie-sebDdsq-4902-1024x683.jpg 1024w, https:\/\/allison-photographie.fr\/wp-content\/uploads\/2025\/01\/mariage-flavie-sebDdsq-4902-300x200.jpg 300w, https:\/\/allison-photographie.fr\/wp-content\/uploads\/2025\/01\/mariage-flavie-sebDdsq-4902-768x512.jpg 768w, https:\/\/allison-photographie.fr\/wp-content\/uploads\/2025\/01\/mariage-flavie-sebDdsq-4902-1536x1024.jpg 1536w, https:\/\/allison-photographie.fr\/wp-content\/uploads\/2025\/01\/mariage-flavie-sebDdsq-4902-2048x1365.jpg 2048w, https:\/\/allison-photographie.fr\/wp-content\/uploads\/2025\/01\/mariage-flavie-sebDdsq-4902-370x247.jpg 370w, https:\/\/allison-photographie.fr\/wp-content\/uploads\/2025\/01\/mariage-flavie-sebDdsq-4902-776x517.jpg 776w\" sizes=\"auto, (max-width: 1024px) 100vw, 1024px\" \/><\/figure><div class=\"wp-block-media-text__content\">\n<p><em><strong>Nous vous proposons trois formules diff\u00e9rentes et nous engageons \u00e0 vous livrer vos photographies en trois semaines maximum.<\/strong><\/em><\/p>\n\n\n\n<p><\/p>\n<\/div><\/div>\n\n\n\n<div style=\"height:73px\" aria-hidden=\"true\" class=\"wp-block-spacer\"><\/div>\n\n\n\n<h5 class=\"wp-block-heading has-text-align-center\"><strong><em>Parce que votre amour m\u00e9rite d&rsquo;\u00eatre immortaliser avec autant de passion que vous le vivez, <\/em><\/strong><\/h5>\n\n\n\n<h5 class=\"wp-block-heading has-text-align-center\"><strong><em>contactez nous pour que nous fassions de ces instants \u00e9ph\u00e9m\u00e8res des tr\u00e9sors \u00e9ternels.<\/em><\/strong><\/h5>\n\n\n\n<div style=\"height:73px\" aria-hidden=\"true\" class=\"wp-block-spacer\"><\/div>\n\n\n\n<div class=\"wp-block-columns is-layout-flex wp-container-core-columns-is-layout-9d6595d7 wp-block-columns-is-layout-flex\">\n<div class=\"wp-block-column is-vertically-aligned-center is-layout-flow wp-block-column-is-layout-flow\"><div class=\"wp-block-image\">\n<figure class=\"alignleft size-full\"><img loading=\"lazy\" decoding=\"async\" width=\"1706\" height=\"2560\" src=\"https:\/\/allisom.cluster029.hosting.ovh.net\/wp-content\/uploads\/2025\/01\/mariage-flavie-sebDdsq-5284-scaled.jpg\" alt=\"\" class=\"wp-image-73\" style=\"aspect-ratio:2\/3;object-fit:cover\" srcset=\"https:\/\/allison-photographie.fr\/wp-content\/uploads\/2025\/01\/mariage-flavie-sebDdsq-5284-scaled.jpg 1706w, https:\/\/allison-photographie.fr\/wp-content\/uploads\/2025\/01\/mariage-flavie-sebDdsq-5284-200x300.jpg 200w, https:\/\/allison-photographie.fr\/wp-content\/uploads\/2025\/01\/mariage-flavie-sebDdsq-5284-683x1024.jpg 683w, https:\/\/allison-photographie.fr\/wp-content\/uploads\/2025\/01\/mariage-flavie-sebDdsq-5284-768x1152.jpg 768w, https:\/\/allison-photographie.fr\/wp-content\/uploads\/2025\/01\/mariage-flavie-sebDdsq-5284-1024x1536.jpg 1024w, https:\/\/allison-photographie.fr\/wp-content\/uploads\/2025\/01\/mariage-flavie-sebDdsq-5284-1365x2048.jpg 1365w\" sizes=\"auto, (max-width: 1706px) 100vw, 1706px\" \/><\/figure>\n<\/div><\/div>\n\n\n\n<div class=\"wp-block-column is-vertically-aligned-center is-layout-flow wp-block-column-is-layout-flow\"><div class=\"wp-block-image\">\n<figure class=\"aligncenter size-full\"><img loading=\"lazy\" decoding=\"async\" width=\"1675\" height=\"2560\" src=\"https:\/\/allisom.cluster029.hosting.ovh.net\/wp-content\/uploads\/2025\/01\/MFS-scaled.jpg\" alt=\"\" class=\"wp-image-87\" style=\"aspect-ratio:2\/3;object-fit:cover\" srcset=\"https:\/\/allison-photographie.fr\/wp-content\/uploads\/2025\/01\/MFS-scaled.jpg 1675w, https:\/\/allison-photographie.fr\/wp-content\/uploads\/2025\/01\/MFS-196x300.jpg 196w, https:\/\/allison-photographie.fr\/wp-content\/uploads\/2025\/01\/MFS-670x1024.jpg 670w, https:\/\/allison-photographie.fr\/wp-content\/uploads\/2025\/01\/MFS-768x1174.jpg 768w, https:\/\/allison-photographie.fr\/wp-content\/uploads\/2025\/01\/MFS-1005x1536.jpg 1005w, https:\/\/allison-photographie.fr\/wp-content\/uploads\/2025\/01\/MFS-1340x2048.jpg 1340w\" sizes=\"auto, (max-width: 1675px) 100vw, 1675px\" \/><\/figure>\n<\/div><\/div>\n\n\n\n<div class=\"wp-block-column is-vertically-aligned-center is-layout-flow wp-block-column-is-layout-flow\"><div class=\"wp-block-image\">\n<figure class=\"alignright size-full\"><img loading=\"lazy\" decoding=\"async\" width=\"1707\" height=\"2560\" src=\"http:\/\/allisom.cluster029.hosting.ovh.net\/wp-content\/uploads\/2025\/01\/mariage-flavie-sebFfh-5536-scaled.jpg\" alt=\"\" class=\"wp-image-76\" style=\"aspect-ratio:2\/3;object-fit:cover\" srcset=\"https:\/\/allison-photographie.fr\/wp-content\/uploads\/2025\/01\/mariage-flavie-sebFfh-5536-scaled.jpg 1707w, https:\/\/allison-photographie.fr\/wp-content\/uploads\/2025\/01\/mariage-flavie-sebFfh-5536-200x300.jpg 200w, https:\/\/allison-photographie.fr\/wp-content\/uploads\/2025\/01\/mariage-flavie-sebFfh-5536-683x1024.jpg 683w, https:\/\/allison-photographie.fr\/wp-content\/uploads\/2025\/01\/mariage-flavie-sebFfh-5536-768x1152.jpg 768w, https:\/\/allison-photographie.fr\/wp-content\/uploads\/2025\/01\/mariage-flavie-sebFfh-5536-1024x1536.jpg 1024w, https:\/\/allison-photographie.fr\/wp-content\/uploads\/2025\/01\/mariage-flavie-sebFfh-5536-1365x2048.jpg 1365w\" sizes=\"auto, (max-width: 1707px) 100vw, 1707px\" \/><\/figure>\n<\/div><\/div>\n<\/div>\n\n\n\n<div style=\"height:24px\" aria-hidden=\"true\" class=\"wp-block-spacer\"><\/div>\n\n\n\n<div class=\"wp-block-buttons is-content-justification-center is-layout-flex wp-container-core-buttons-is-layout-16018d1d wp-block-buttons-is-layout-flex\">\n<div class=\"wp-block-button\"><a class=\"wp-block-button__link wp-element-button\" href=\"https:\/\/allison-photographie.fr\/index.php\/nos-trois-formules-mariage\/\">Consulter nos tarifs<\/a><\/div>\n<\/div>\n\n\n\n<p><\/p>\n","protected":false},"excerpt":{"rendered":"<p>Nous sommes un duo de photographes et notre force r\u00e9side &hellip; <\/p>\n","protected":false},"author":1,"featured_media":0,"parent":0,"menu_order":0,"comment_status":"closed","ping_status":"closed","template":"","meta":{"footnotes":""},"class_list":["post-60","page","type-page","status-publish","hentry"],"_links":{"self":[{"href":"https:\/\/allison-photographie.fr\/index.php\/wp-json\/wp\/v2\/pages\/60","targetHints":{"allow":["GET"]}}],"collection":[{"href":"https:\/\/allison-photographie.fr\/index.php\/wp-json\/wp\/v2\/pages"}],"about":[{"href":"https:\/\/allison-photographie.fr\/index.php\/wp-json\/wp\/v2\/types\/page"}],"author":[{"embeddable":true,"href":"https:\/\/allison-photographie.fr\/index.php\/wp-json\/wp\/v2\/users\/1"}],"replies":[{"embeddable":true,"href":"https:\/\/allison-photographie.fr\/index.php\/wp-json\/wp\/v2\/comments?post=60"}],"version-history":[{"count":73,"href":"https:\/\/allison-photographie.fr\/index.php\/wp-json\/wp\/v2\/pages\/60\/revisions"}],"predecessor-version":[{"id":373,"href":"https:\/\/allison-photographie.fr\/index.php\/wp-json\/wp\/v2\/pages\/60\/revisions\/373"}],"wp:attachment":[{"href":"https:\/\/allison-photographie.fr\/index.php\/wp-json\/wp\/v2\/media?parent=60"}],"curies":[{"name":"wp","href":"https:\/\/api.w.org\/{rel}","templated":true}]}}